{"id":1092,"date":"2025-02-19T13:37:15","date_gmt":"2025-02-19T13:37:15","guid":{"rendered":"https:\/\/finovate.vamtam.com\/?page_id=1092"},"modified":"2026-04-03T10:35:55","modified_gmt":"2026-04-03T08:35:55","slug":"zasady-ochrany-osobnich-udaju","status":"publish","type":"page","link":"https:\/\/carnex-poultry.com\/cs\/privacy-policy\/","title":{"rendered":"Politika d\u016fv\u011brnosti"},"content":{"rendered":"<div data-elementor-type=\"wp-page\" data-elementor-id=\"1092\" class=\"elementor elementor-1092\" data-elementor-post-type=\"page\">\n\t\t\t\t<div class=\"elementor-element elementor-element-c1e8912 e-flex e-con-boxed e-con e-parent\" data-id=\"c1e8912\" data-element_type=\"container\" data-e-type=\"container\">\n\t\t\t\t\t<div class=\"e-con-inner\">\n\t\t\t\t<div class=\"elementor-element elementor-element-19b6271 elementor-widget elementor-widget-heading\" data-id=\"19b6271\" data-element_type=\"widget\" data-e-type=\"widget\" data-widget_type=\"heading.default\">\n\t\t\t\t<div class=\"elementor-widget-container\">\n\t\t\t\t\t<h2 class=\"elementor-heading-title elementor-size-default\">Z\u00e1sady pou\u017e\u00edv\u00e1n\u00ed soubor\u016f cookie<\/h2>\t\t\t\t<\/div>\n\t\t\t\t<\/div>\n\t\t\t\t<div class=\"vamtam-has-theme-widget-styles elementor-element elementor-element-eb7bd66 elementor-widget elementor-widget-text-editor\" data-id=\"eb7bd66\" data-element_type=\"widget\" data-e-type=\"widget\" data-widget_type=\"text-editor.default\">\n\t\t\t\t<div class=\"elementor-widget-container\">\n\t\t\t\t\t\t\t\t\t<p>Su\u0161enky Carnex neukl\u00e1daj\u00ed d\u016fv\u011brn\u00e9 informace, jako je va\u0161e jm\u00e9no nebo adresa. K omezen\u00ed, zablokov\u00e1n\u00ed nebo odstran\u011bn\u00ed su\u0161enek z t\u011bchto webov\u00fdch str\u00e1nek mus\u00edte pou\u017e\u00edt sv\u016fj internetov\u00fd prohl\u00ed\u017ee\u010d. Jeliko\u017e se ka\u017ed\u00fd prohl\u00ed\u017ee\u010d li\u0161\u00ed, v nab\u00eddce \u201cN\u00e1pov\u011bda\u201d prohl\u00ed\u017ee\u010de zjist\u00edte, jak zm\u011bnit nastaven\u00ed su\u0161enek.<\/p><p>Google Analytics \u2013 Tyto soubory cookie umo\u017e\u0148uj\u00ed funkci Google Analytics. Tento software pom\u00e1h\u00e1 z\u00edsk\u00e1vat a analyzovat informace o typu pou\u017eit\u00e9ho prohl\u00ed\u017ee\u010de, po\u010dtu n\u00e1v\u0161t\u011bvn\u00edk\u016f webu, efektivit\u011b marketingov\u00fdch kampan\u00ed a dob\u011b jednotliv\u00fdch n\u00e1v\u0161t\u011bv. Tyto informace se vyu\u017e\u00edvaj\u00ed ke zlep\u0161en\u00ed webu Carnex.<\/p><p>Facebook \u2013 Tyto soubory cookie umo\u017e\u0148uj\u00ed funkci statistik Facebooku. Tento software pom\u00e1h\u00e1 shroma\u017e\u010fovat a analyzovat informace o pou\u017e\u00edvan\u00e9 efektivit\u011b marketingov\u00fdch kampan\u00ed. Tyto informace se pou\u017e\u00edvaj\u00ed ke zlep\u0161en\u00ed webov\u00fdch str\u00e1nek Carnex a k \u00faprav\u011b reklam na Facebooku.<\/p><p>Subjektem, kter\u00fd umis\u0165uje cookies na koncov\u00e9m za\u0159\u00edzen\u00ed u\u017eivatele a m\u00e1 k nim p\u0159\u00edstup, je provozovatel Carnex Sp. z o.o. s.k.a. ul. Szkolna 18, 74-300 My\u015blib\u00f3rz. Cookies mohou b\u00fdt tak\u00e9 um\u00edst\u011bny na koncov\u00e9m za\u0159\u00edzen\u00ed u\u017eivatele a pou\u017e\u00edv\u00e1ny partnery spolupracuj\u00edc\u00edmi s provozovatelem \u2013 spole\u010dnost\u00ed Google a Facebook.<\/p><p>Tyto soubory neobsahuj\u00ed \u017e\u00e1dn\u00e9 d\u016fv\u011brn\u00e9 informace.<\/p>\t\t\t\t\t\t\t\t<\/div>\n\t\t\t\t<\/div>\n\t\t\t\t<div class=\"elementor-element elementor-element-7bff451 elementor-widget elementor-widget-heading\" data-id=\"7bff451\" data-element_type=\"widget\" data-e-type=\"widget\" data-widget_type=\"heading.default\">\n\t\t\t\t<div class=\"elementor-widget-container\">\n\t\t\t\t\t<h2 class=\"elementor-heading-title elementor-size-default\">OCHRANA OSOBN\u00cdCH \u00daDAJ\u016e<\/h2>\t\t\t\t<\/div>\n\t\t\t\t<\/div>\n\t\t\t\t<div class=\"elementor-element elementor-element-28fa2d6 elementor-widget elementor-widget-heading\" data-id=\"28fa2d6\" data-element_type=\"widget\" data-e-type=\"widget\" data-widget_type=\"heading.default\">\n\t\t\t\t<div class=\"elementor-widget-container\">\n\t\t\t\t\t<h3 class=\"elementor-heading-title elementor-size-default\">Z\u00c1ZNAMY<\/h3>\t\t\t\t<\/div>\n\t\t\t\t<\/div>\n\t\t\t\t<div class=\"vamtam-has-theme-widget-styles elementor-element elementor-element-e10cf8e elementor-widget elementor-widget-text-editor\" data-id=\"e10cf8e\" data-element_type=\"widget\" data-e-type=\"widget\" data-widget_type=\"text-editor.default\">\n\t\t\t\t<div class=\"elementor-widget-container\">\n\t\t\t\t\t\t\t\t\t<p>Pou\u017e\u00edv\u00e1n\u00ed webov\u00fdch str\u00e1nek zahrnuje odes\u00edl\u00e1n\u00ed dotaz\u016f na server, kter\u00fd dan\u00e9 str\u00e1nky hostuje. Ka\u017ed\u00fd dotaz sm\u011b\u0159uj\u00edc\u00ed na server je zaznamen\u00e1v\u00e1n v logovac\u00edch souborech, kter\u00e9 obsahuj\u00ed mimo jin\u00e9 IP adresu, datum a \u010das serveru, informace o pou\u017eit\u00fdch webov\u00fdch prohl\u00ed\u017ee\u010di a opera\u010dn\u00edm syst\u00e9mu. Data ulo\u017een\u00e1 v logovac\u00edch souborech serveru nejsou spojov\u00e1na s konkr\u00e9tn\u00ed osobou a slou\u017e\u00ed pouze jako pomocn\u00fd materi\u00e1l pro spr\u00e1vu, p\u0159i\u010dem\u017e jejich obsah nen\u00ed nikomu sd\u011blov\u00e1n krom\u011b osob opr\u00e1vn\u011bn\u00fdch spravovat server na az.pl.<\/p>\t\t\t\t\t\t\t\t<\/div>\n\t\t\t\t<\/div>\n\t\t\t\t<div class=\"elementor-element elementor-element-c1b1131 elementor-widget elementor-widget-heading\" data-id=\"c1b1131\" data-element_type=\"widget\" data-e-type=\"widget\" data-widget_type=\"heading.default\">\n\t\t\t\t<div class=\"elementor-widget-container\">\n\t\t\t\t\t<h3 class=\"elementor-heading-title elementor-size-default\">KONTAKTN\u00cd FORMUL\u00c1\u0158<\/h3>\t\t\t\t<\/div>\n\t\t\t\t<\/div>\n\t\t\t\t<div class=\"vamtam-has-theme-widget-styles elementor-element elementor-element-0925075 elementor-widget elementor-widget-text-editor\" data-id=\"0925075\" data-element_type=\"widget\" data-e-type=\"widget\" data-widget_type=\"text-editor.default\">\n\t\t\t\t<div class=\"elementor-widget-container\">\n\t\t\t\t\t\t\t\t\t<p>Pokud n\u00e1m po\u0161lete zpr\u00e1vu prost\u0159ednictv\u00edm kontaktn\u00edho formul\u00e1\u0159e, v\u00e1mi poskytnut\u00e9 \u00fadaje budou pou\u017eity pro marketingov\u00e9 \u00fa\u010dely. Tyto \u00fadaje jsou ulo\u017eeny v na\u0161\u00ed e-mailov\u00e9 schr\u00e1nce na az.pl za \u00fa\u010delem spr\u00e1vy po\u0161ty a odesl\u00e1n\u00ed e-mailov\u00e9 odpov\u011bdi na va\u0161i zpr\u00e1vu. T\u0159et\u00ed strany k nim nebudou m\u00edt p\u0159\u00edstup.<\/p><p>Poskytov\u00e1n\u00ed osobn\u00edch \u00fadaj\u016f pro marketingov\u00e9 a obchodn\u00ed \u00fa\u010dely je dobrovoln\u00e9. Kdykoli m\u00e1te mo\u017enost k va\u0161im osobn\u00edm \u00fadaj\u016fm p\u0159istupovat, opravit je a po\u017e\u00e1dat o jejich v\u00fdmaz. Pro tyto \u00fa\u010dely n\u00e1s pros\u00edm kontaktujte.<\/p><p>Spr\u00e1vcem osobn\u00edch \u00fadaj\u016f je spole\u010dnost Carnex Sp. z o.o. s.k.a. se s\u00eddlem ul. Szkolna 18, 74-300 My\u015blib\u00f3rz, Polsko<\/p><p>Spr\u00e1vce informuje U\u017eivatele, \u017ee sv\u011b\u0159uje zpracov\u00e1n\u00ed osobn\u00edch \u00fadaj\u016f n\u00e1sleduj\u00edc\u00edm subjekt\u016fm: AZ.pl Sp. z o.o., ul. Zbo\u017cowa 4, 70-653 Szczecin, NIP: 8561164306, REGON: 810903927, KRS: 0000360147 za \u00fa\u010delem ulo\u017een\u00ed osobn\u00edch \u00fadaj\u016f na server.<\/p>\t\t\t\t\t\t\t\t<\/div>\n\t\t\t\t<\/div>\n\t\t\t\t\t<\/div>\n\t\t\t\t<\/div>\n\t\t\t\t<\/div>","protected":false},"excerpt":{"rendered":"<p>COOKIES POLICY Carnex cookies do not store confidential information such as your name or address. You must use your internet browser to restrict, block or delete cookies from this website. As each browser is different, you can see how to change your cookie preferences in the browser&#8217;s &#8220;Help&#8221; menu. Google Analytics &#8211; These cookies enable&#8230;<\/p>","protected":false},"author":1,"featured_media":0,"parent":0,"menu_order":0,"comment_status":"closed","ping_status":"closed","template":"elementor_header_footer","meta":{"inline_featured_image":false,"footnotes":""},"class_list":["post-1092","page","type-page","status-publish","hentry"],"yoast_head":"<!-- This site is optimized with the Yoast SEO plugin v27.4 - https:\/\/yoast.com\/product\/yoast-seo-wordpress\/ -->\n<title>Privacy Policy - Carnex<\/title>\n<meta name=\"robots\" content=\"index, follow, max-snippet:-1, max-image-preview:large, max-video-preview:-1\" \/>\n<link rel=\"canonical\" href=\"https:\/\/carnex-poultry.com\/cs\/zasady-ochrany-osobnich-udaju\/\" \/>\n<meta property=\"og:locale\" content=\"cs_CZ\" \/>\n<meta property=\"og:type\" content=\"article\" \/>\n<meta property=\"og:title\" content=\"Privacy Policy - Carnex\" \/>\n<meta property=\"og:description\" content=\"COOKIES POLICY Carnex cookies do not store confidential information such as your name or address. You must use your internet browser to restrict, block or delete cookies from this website. As each browser is different, you can see how to change your cookie preferences in the browser&#8217;s &#8220;Help&#8221; menu. Google Analytics &#8211; These cookies enable...\" \/>\n<meta property=\"og:url\" content=\"https:\/\/carnex-poultry.com\/cs\/zasady-ochrany-osobnich-udaju\/\" \/>\n<meta property=\"og:site_name\" content=\"Carnex\" \/>\n<meta property=\"article:modified_time\" content=\"2026-04-03T08:35:55+00:00\" \/>\n<meta name=\"twitter:card\" content=\"summary_large_image\" \/>\n<meta name=\"twitter:label1\" content=\"Odhadovan\u00e1 doba \u010dten\u00ed\" \/>\n\t<meta name=\"twitter:data1\" content=\"2 minuty\" \/>\n<script type=\"application\/ld+json\" class=\"yoast-schema-graph\">{\"@context\":\"https:\\\/\\\/schema.org\",\"@graph\":[{\"@type\":\"WebPage\",\"@id\":\"https:\\\/\\\/carnex-poultry.com\\\/privacy-policy\\\/\",\"url\":\"https:\\\/\\\/carnex-poultry.com\\\/privacy-policy\\\/\",\"name\":\"Privacy Policy - Carnex\",\"isPartOf\":{\"@id\":\"https:\\\/\\\/carnex-poultry.com\\\/#website\"},\"datePublished\":\"2025-02-19T13:37:15+00:00\",\"dateModified\":\"2026-04-03T08:35:55+00:00\",\"breadcrumb\":{\"@id\":\"https:\\\/\\\/carnex-poultry.com\\\/privacy-policy\\\/#breadcrumb\"},\"inLanguage\":\"cs\",\"potentialAction\":[{\"@type\":\"ReadAction\",\"target\":[\"https:\\\/\\\/carnex-poultry.com\\\/privacy-policy\\\/\"]}]},{\"@type\":\"BreadcrumbList\",\"@id\":\"https:\\\/\\\/carnex-poultry.com\\\/privacy-policy\\\/#breadcrumb\",\"itemListElement\":[{\"@type\":\"ListItem\",\"position\":1,\"name\":\"Home\",\"item\":\"https:\\\/\\\/carnex-poultry.com\\\/\"},{\"@type\":\"ListItem\",\"position\":2,\"name\":\"Privacy Policy\"}]},{\"@type\":\"WebSite\",\"@id\":\"https:\\\/\\\/carnex-poultry.com\\\/#website\",\"url\":\"https:\\\/\\\/carnex-poultry.com\\\/\",\"name\":\"Carnex\",\"description\":\"Poultry Trade\",\"publisher\":{\"@id\":\"https:\\\/\\\/carnex-poultry.com\\\/#organization\"},\"potentialAction\":[{\"@type\":\"SearchAction\",\"target\":{\"@type\":\"EntryPoint\",\"urlTemplate\":\"https:\\\/\\\/carnex-poultry.com\\\/?s={search_term_string}\"},\"query-input\":{\"@type\":\"PropertyValueSpecification\",\"valueRequired\":true,\"valueName\":\"search_term_string\"}}],\"inLanguage\":\"cs\"},{\"@type\":\"Organization\",\"@id\":\"https:\\\/\\\/carnex-poultry.com\\\/#organization\",\"name\":\"Carnex\",\"url\":\"https:\\\/\\\/carnex-poultry.com\\\/\",\"logo\":{\"@type\":\"ImageObject\",\"inLanguage\":\"cs\",\"@id\":\"https:\\\/\\\/carnex-poultry.com\\\/#\\\/schema\\\/logo\\\/image\\\/\",\"url\":\"https:\\\/\\\/carnex-poultry.com\\\/wp-content\\\/uploads\\\/2026\\\/04\\\/Carnex-logo-horizontal-2026.svg\",\"contentUrl\":\"https:\\\/\\\/carnex-poultry.com\\\/wp-content\\\/uploads\\\/2026\\\/04\\\/Carnex-logo-horizontal-2026.svg\",\"width\":210,\"height\":297,\"caption\":\"Carnex\"},\"image\":{\"@id\":\"https:\\\/\\\/carnex-poultry.com\\\/#\\\/schema\\\/logo\\\/image\\\/\"}}]}<\/script>\n<!-- \/ Yoast SEO plugin. -->","yoast_head_json":{"title":"Z\u00e1sady ochrany osobn\u00edch \u00fadaj\u016f - Carnex","robots":{"index":"index","follow":"follow","max-snippet":"max-snippet:-1","max-image-preview":"max-image-preview:large","max-video-preview":"max-video-preview:-1"},"canonical":"https:\/\/carnex-poultry.com\/cs\/zasady-ochrany-osobnich-udaju\/","og_locale":"cs_CZ","og_type":"article","og_title":"Privacy Policy - Carnex","og_description":"COOKIES POLICY Carnex cookies do not store confidential information such as your name or address. You must use your internet browser to restrict, block or delete cookies from this website. As each browser is different, you can see how to change your cookie preferences in the browser&#8217;s &#8220;Help&#8221; menu. Google Analytics &#8211; These cookies enable...","og_url":"https:\/\/carnex-poultry.com\/cs\/zasady-ochrany-osobnich-udaju\/","og_site_name":"Carnex","article_modified_time":"2026-04-03T08:35:55+00:00","twitter_card":"summary_large_image","twitter_misc":{"Odhadovan\u00e1 doba \u010dten\u00ed":"2 minuty"},"schema":{"@context":"https:\/\/schema.org","@graph":[{"@type":"WebPage","@id":"https:\/\/carnex-poultry.com\/privacy-policy\/","url":"https:\/\/carnex-poultry.com\/privacy-policy\/","name":"Z\u00e1sady ochrany osobn\u00edch \u00fadaj\u016f - Carnex","isPartOf":{"@id":"https:\/\/carnex-poultry.com\/#website"},"datePublished":"2025-02-19T13:37:15+00:00","dateModified":"2026-04-03T08:35:55+00:00","breadcrumb":{"@id":"https:\/\/carnex-poultry.com\/privacy-policy\/#breadcrumb"},"inLanguage":"cs","potentialAction":[{"@type":"ReadAction","target":["https:\/\/carnex-poultry.com\/privacy-policy\/"]}]},{"@type":"BreadcrumbList","@id":"https:\/\/carnex-poultry.com\/privacy-policy\/#breadcrumb","itemListElement":[{"@type":"ListItem","position":1,"name":"Home","item":"https:\/\/carnex-poultry.com\/"},{"@type":"ListItem","position":2,"name":"Privacy Policy"}]},{"@type":"WebSite","@id":"https:\/\/carnex-poultry.com\/#website","url":"https:\/\/carnex-poultry.com\/","name":"Carnex","description":"Obchod s dr\u016fbe\u017e\u00ed","publisher":{"@id":"https:\/\/carnex-poultry.com\/#organization"},"potentialAction":[{"@type":"SearchAction","target":{"@type":"EntryPoint","urlTemplate":"https:\/\/carnex-poultry.com\/?s={search_term_string}"},"query-input":{"@type":"PropertyValueSpecification","valueRequired":true,"valueName":"search_term_string"}}],"inLanguage":"cs"},{"@type":"Organization","@id":"https:\/\/carnex-poultry.com\/#organization","name":"Carnex","url":"https:\/\/carnex-poultry.com\/","logo":{"@type":"ImageObject","inLanguage":"cs","@id":"https:\/\/carnex-poultry.com\/#\/schema\/logo\/image\/","url":"https:\/\/carnex-poultry.com\/wp-content\/uploads\/2026\/04\/Carnex-logo-horizontal-2026.svg","contentUrl":"https:\/\/carnex-poultry.com\/wp-content\/uploads\/2026\/04\/Carnex-logo-horizontal-2026.svg","width":210,"height":297,"caption":"Carnex"},"image":{"@id":"https:\/\/carnex-poultry.com\/#\/schema\/logo\/image\/"}}]}},"_links":{"self":[{"href":"https:\/\/carnex-poultry.com\/cs\/wp-json\/wp\/v2\/pages\/1092","targetHints":{"allow":["GET"]}}],"collection":[{"href":"https:\/\/carnex-poultry.com\/cs\/wp-json\/wp\/v2\/pages"}],"about":[{"href":"https:\/\/carnex-poultry.com\/cs\/wp-json\/wp\/v2\/types\/page"}],"author":[{"embeddable":true,"href":"https:\/\/carnex-poultry.com\/cs\/wp-json\/wp\/v2\/users\/1"}],"replies":[{"embeddable":true,"href":"https:\/\/carnex-poultry.com\/cs\/wp-json\/wp\/v2\/comments?post=1092"}],"version-history":[{"count":10,"href":"https:\/\/carnex-poultry.com\/cs\/wp-json\/wp\/v2\/pages\/1092\/revisions"}],"predecessor-version":[{"id":988053,"href":"https:\/\/carnex-poultry.com\/cs\/wp-json\/wp\/v2\/pages\/1092\/revisions\/988053"}],"wp:attachment":[{"href":"https:\/\/carnex-poultry.com\/cs\/wp-json\/wp\/v2\/media?parent=1092"}],"curies":[{"name":"wp","href":"https:\/\/api.w.org\/{rel}","templated":true}]}}