{"id":1092,"date":"2025-02-19T13:37:15","date_gmt":"2025-02-19T13:37:15","guid":{"rendered":"https:\/\/finovate.vamtam.com\/?page_id=1092"},"modified":"2026-04-03T10:35:55","modified_gmt":"2026-04-03T08:35:55","slug":"adatvedelmi-iranyelvek","status":"publish","type":"page","link":"https:\/\/carnex-poultry.com\/hu\/privacy-policy\/","title":{"rendered":"Adatv\u00e9delmi politika"},"content":{"rendered":"<div data-elementor-type=\"wp-page\" data-elementor-id=\"1092\" class=\"elementor elementor-1092\" data-elementor-post-type=\"page\">\n\t\t\t\t<div class=\"elementor-element elementor-element-c1e8912 e-flex e-con-boxed e-con e-parent\" data-id=\"c1e8912\" data-element_type=\"container\" data-e-type=\"container\">\n\t\t\t\t\t<div class=\"e-con-inner\">\n\t\t\t\t<div class=\"elementor-element elementor-element-19b6271 elementor-widget elementor-widget-heading\" data-id=\"19b6271\" data-element_type=\"widget\" data-e-type=\"widget\" data-widget_type=\"heading.default\">\n\t\t\t\t<div class=\"elementor-widget-container\">\n\t\t\t\t\t<h2 class=\"elementor-heading-title elementor-size-default\">S\u00dcTIKRE VONATKOZ\u00d3 SZAB\u00c1LYZAT<\/h2>\t\t\t\t<\/div>\n\t\t\t\t<\/div>\n\t\t\t\t<div class=\"vamtam-has-theme-widget-styles elementor-element elementor-element-eb7bd66 elementor-widget elementor-widget-text-editor\" data-id=\"eb7bd66\" data-element_type=\"widget\" data-e-type=\"widget\" data-widget_type=\"text-editor.default\">\n\t\t\t\t<div class=\"elementor-widget-container\">\n\t\t\t\t\t\t\t\t\t<p>A Carnex s\u00fctik nem t\u00e1rolnak bizalmas inform\u00e1ci\u00f3kat, mint p\u00e9ld\u00e1ul a nevedet vagy a c\u00edmedet. Ezen a webhelyen a s\u00fctik korl\u00e1toz\u00e1s\u00e1hoz, blokkol\u00e1s\u00e1hoz vagy t\u00f6rl\u00e9s\u00e9hez az internetb\u00f6ng\u00e9sz\u0151det kell haszn\u00e1lnod. Mivel minden b\u00f6ng\u00e9sz\u0151 m\u00e1s, a s\u00fcti be\u00e1ll\u00edt\u00e1sok m\u00f3dos\u00edt\u00e1s\u00e1t a b\u00f6ng\u00e9sz\u0151 \u201cS\u00fag\u00f3\u201d men\u00fcj\u00e9ben tekintheted meg.<\/p><p>Google Analytics \u2013 Ezek a s\u00fctik teszik lehet\u0151v\u00e9 a Google Analytics m\u0171k\u00f6d\u00e9s\u00e9t. Ez a szoftver seg\u00edt inform\u00e1ci\u00f3kat szerezni \u00e9s elemezni a haszn\u00e1lt b\u00f6ng\u00e9sz\u0151 t\u00edpus\u00e1r\u00f3l, a webhely l\u00e1togat\u00f3inak sz\u00e1m\u00e1r\u00f3l, a marketingkamp\u00e1nyok hat\u00e9konys\u00e1g\u00e1r\u00f3l \u00e9s az egy\u00e9ni l\u00e1togat\u00e1sok id\u0151tartam\u00e1r\u00f3l. Ezek az inform\u00e1ci\u00f3k a Carnex webhely\u00e9nek fejleszt\u00e9s\u00e9re szolg\u00e1lnak.<\/p><p>Facebook \u2013 Ezek a s\u00fctik lehet\u0151v\u00e9 teszik a Facebook statisztikai funkci\u00f3 m\u0171k\u00f6d\u00e9s\u00e9t. Ez a szoftver seg\u00edt \u00f6sszegy\u0171jteni \u00e9s elemezni a marketingkamp\u00e1nyok hat\u00e9konys\u00e1g\u00e1val kapcsolatos inform\u00e1ci\u00f3kat. Ezeket az inform\u00e1ci\u00f3kat a Carnex weboldal\u00e1nak fejleszt\u00e9s\u00e9re \u00e9s a Facebook hirdet\u00e9sek testreszab\u00e1s\u00e1ra haszn\u00e1lj\u00e1k.<\/p><p>A s\u00fctiket a felhaszn\u00e1l\u00f3 v\u00e9gberendez\u00e9seire helyez\u0151 \u00e9s azokat el\u00e9r\u0151 entit\u00e1s a Carnex Sp. z o.o. s.k.a. \u00fczemeltet\u0151, ul. Szkolna 18, 74-300 My\u015blib\u00f3rz. A s\u00fctiket az \u00fczemeltet\u0151vel egy\u00fcttm\u0171k\u00f6d\u0151 partnerek \u2013 a Google \u00e9s a Facebook \u2013 is elhelyezhetik a felhaszn\u00e1l\u00f3 v\u00e9gberendez\u00e9seire \u00e9s haszn\u00e1lhatj\u00e1k azokat.<\/p><p>Ezek a f\u00e1jlok nem t\u00e1rolnak bizalmas inform\u00e1ci\u00f3t.<\/p>\t\t\t\t\t\t\t\t<\/div>\n\t\t\t\t<\/div>\n\t\t\t\t<div class=\"elementor-element elementor-element-7bff451 elementor-widget elementor-widget-heading\" data-id=\"7bff451\" data-element_type=\"widget\" data-e-type=\"widget\" data-widget_type=\"heading.default\">\n\t\t\t\t<div class=\"elementor-widget-container\">\n\t\t\t\t\t<h2 class=\"elementor-heading-title elementor-size-default\">SZEM\u00c9LYES ADATV\u00c9DELEM<\/h2>\t\t\t\t<\/div>\n\t\t\t\t<\/div>\n\t\t\t\t<div class=\"elementor-element elementor-element-28fa2d6 elementor-widget elementor-widget-heading\" data-id=\"28fa2d6\" data-element_type=\"widget\" data-e-type=\"widget\" data-widget_type=\"heading.default\">\n\t\t\t\t<div class=\"elementor-widget-container\">\n\t\t\t\t\t<h3 class=\"elementor-heading-title elementor-size-default\">NAPL\u00d3K<\/h3>\t\t\t\t<\/div>\n\t\t\t\t<\/div>\n\t\t\t\t<div class=\"vamtam-has-theme-widget-styles elementor-element elementor-element-e10cf8e elementor-widget elementor-widget-text-editor\" data-id=\"e10cf8e\" data-element_type=\"widget\" data-e-type=\"widget\" data-widget_type=\"text-editor.default\">\n\t\t\t\t<div class=\"elementor-widget-container\">\n\t\t\t\t\t\t\t\t\t<p>A weboldal haszn\u00e1lata mag\u00e1ban foglalja a webhelyet \u00fczemeltet\u0151 szerver fel\u00e9 ir\u00e1nyul\u00f3 lek\u00e9rdez\u00e9sek elk\u00fcld\u00e9s\u00e9t. A szerverre ir\u00e1nyul\u00f3 minden lek\u00e9rdez\u00e9st napl\u00f3kban r\u00f6gz\u00edt\u00fcnk, amelyek t\u00f6bbek k\u00f6z\u00f6tt tartalmazz\u00e1k az IP-c\u00edmet, a szerver d\u00e1tum\u00e1t \u00e9s idej\u00e9t, az \u00d6n \u00e1ltal haszn\u00e1lt webb\u00f6ng\u00e9sz\u0151re \u00e9s oper\u00e1ci\u00f3s rendszerre vonatkoz\u00f3 inform\u00e1ci\u00f3kat. A szervernapl\u00f3kban t\u00e1rolt adatokat nem k\u00f6tj\u00fck konkr\u00e9t szem\u00e9lyhez, \u00e9s csak adminisztr\u00e1ci\u00f3s c\u00e9lokra szolg\u00e1l\u00f3 seg\u00e9danyagok, tartalmukat pedig senki sem teszi k\u00f6zz\u00e9 a kiv\u00e9telezett, az.pl szerver adminisztr\u00e1torain k\u00edv\u00fcl.<\/p>\t\t\t\t\t\t\t\t<\/div>\n\t\t\t\t<\/div>\n\t\t\t\t<div class=\"elementor-element elementor-element-c1b1131 elementor-widget elementor-widget-heading\" data-id=\"c1b1131\" data-element_type=\"widget\" data-e-type=\"widget\" data-widget_type=\"heading.default\">\n\t\t\t\t<div class=\"elementor-widget-container\">\n\t\t\t\t\t<h3 class=\"elementor-heading-title elementor-size-default\">KAPCSOLATFELV\u00c9TELI \u0170RLAP<\/h3>\t\t\t\t<\/div>\n\t\t\t\t<\/div>\n\t\t\t\t<div class=\"vamtam-has-theme-widget-styles elementor-element elementor-element-0925075 elementor-widget elementor-widget-text-editor\" data-id=\"0925075\" data-element_type=\"widget\" data-e-type=\"widget\" data-widget_type=\"text-editor.default\">\n\t\t\t\t<div class=\"elementor-widget-container\">\n\t\t\t\t\t\t\t\t\t<p>Amennyiben az \u0171rlapon kereszt\u00fcl k\u00fcld nek\u00fcnk \u00fczenetet, az ott megadott adatokat marketing c\u00e9lokra haszn\u00e1ljuk fel. Ezek az adatok az az.pl e-mail postafi\u00f3kunkban t\u00e1rol\u00f3dnak az e-mailek kezel\u00e9se \u00e9s az \u00fczenet\u00e9re t\u00f6rt\u00e9n\u0151 v\u00e1lasz k\u00fcld\u00e9se c\u00e9lj\u00e1b\u00f3l. Harmadik felek nem f\u00e9rhetnek hozz\u00e1juk.<\/p><p>A szem\u00e9lyes adatok marketing \u00e9s kereskedelmi c\u00e9lokra t\u00f6rt\u00e9n\u0151 megad\u00e1sa \u00f6nk\u00e9ntes. Szem\u00e9lyes adataihoz b\u00e1rmikor hozz\u00e1f\u00e9rhet, azok helyesb\u00edt\u00e9s\u00e9t k\u00e9rheti, illetve t\u00f6rl\u00e9s\u00fcket kezdem\u00e9nyezheti. Ehhez k\u00e9rj\u00fck, vegye fel vel\u00fcnk a kapcsolatot.<\/p><p>Az adatkezel\u0151 a Carnex Sp. z o.o. s.k.a. Szkolna utca 18., 74-300 My\u015blib\u00f3rz, Lengyelorsz\u00e1g<\/p><p>Az \u00dczemeltet\u0151 t\u00e1j\u00e9koztatja a Felhaszn\u00e1l\u00f3t, hogy a szem\u00e9lyes adatok feldolgoz\u00e1s\u00e1t az al\u00e1bbi jogalanyokra b\u00edzza: AZ.pl Sp. z o.o., ul. Zbo\u017cowa 4, 70-653 Szczecin, NIP: 8561164306, REGON: 810903927, KRS: 0000360147, a szem\u00e9lyes adatok szerveren t\u00f6rt\u00e9n\u0151 t\u00e1rol\u00e1sa c\u00e9lj\u00e1b\u00f3l.<\/p>\t\t\t\t\t\t\t\t<\/div>\n\t\t\t\t<\/div>\n\t\t\t\t\t<\/div>\n\t\t\t\t<\/div>\n\t\t\t\t<\/div>","protected":false},"excerpt":{"rendered":"<p>COOKIES POLICY Carnex cookies do not store confidential information such as your name or address. You must use your internet browser to restrict, block or delete cookies from this website. As each browser is different, you can see how to change your cookie preferences in the browser&#8217;s &#8220;Help&#8221; menu. Google Analytics &#8211; These cookies enable&#8230;<\/p>","protected":false},"author":1,"featured_media":0,"parent":0,"menu_order":0,"comment_status":"closed","ping_status":"closed","template":"elementor_header_footer","meta":{"inline_featured_image":false,"footnotes":""},"class_list":["post-1092","page","type-page","status-publish","hentry"],"yoast_head":"<!-- This site is optimized with the Yoast SEO plugin v27.4 - https:\/\/yoast.com\/product\/yoast-seo-wordpress\/ -->\n<title>Privacy Policy - Carnex<\/title>\n<meta name=\"robots\" content=\"index, follow, max-snippet:-1, max-image-preview:large, max-video-preview:-1\" \/>\n<link rel=\"canonical\" href=\"https:\/\/carnex-poultry.com\/hu\/adatvedelmi-iranyelvek\/\" \/>\n<meta property=\"og:locale\" content=\"hu_HU\" \/>\n<meta property=\"og:type\" content=\"article\" \/>\n<meta property=\"og:title\" content=\"Privacy Policy - Carnex\" \/>\n<meta property=\"og:description\" content=\"COOKIES POLICY Carnex cookies do not store confidential information such as your name or address. You must use your internet browser to restrict, block or delete cookies from this website. As each browser is different, you can see how to change your cookie preferences in the browser&#8217;s &#8220;Help&#8221; menu. Google Analytics &#8211; These cookies enable...\" \/>\n<meta property=\"og:url\" content=\"https:\/\/carnex-poultry.com\/hu\/adatvedelmi-iranyelvek\/\" \/>\n<meta property=\"og:site_name\" content=\"Carnex\" \/>\n<meta property=\"article:modified_time\" content=\"2026-04-03T08:35:55+00:00\" \/>\n<meta name=\"twitter:card\" content=\"summary_large_image\" \/>\n<meta name=\"twitter:label1\" content=\"Becs\u00fclt olvas\u00e1si id\u0151\" \/>\n\t<meta name=\"twitter:data1\" content=\"2 perc\" \/>\n<script type=\"application\/ld+json\" class=\"yoast-schema-graph\">{\"@context\":\"https:\\\/\\\/schema.org\",\"@graph\":[{\"@type\":\"WebPage\",\"@id\":\"https:\\\/\\\/carnex-poultry.com\\\/privacy-policy\\\/\",\"url\":\"https:\\\/\\\/carnex-poultry.com\\\/privacy-policy\\\/\",\"name\":\"Privacy Policy - Carnex\",\"isPartOf\":{\"@id\":\"https:\\\/\\\/carnex-poultry.com\\\/#website\"},\"datePublished\":\"2025-02-19T13:37:15+00:00\",\"dateModified\":\"2026-04-03T08:35:55+00:00\",\"breadcrumb\":{\"@id\":\"https:\\\/\\\/carnex-poultry.com\\\/privacy-policy\\\/#breadcrumb\"},\"inLanguage\":\"hu\",\"potentialAction\":[{\"@type\":\"ReadAction\",\"target\":[\"https:\\\/\\\/carnex-poultry.com\\\/privacy-policy\\\/\"]}]},{\"@type\":\"BreadcrumbList\",\"@id\":\"https:\\\/\\\/carnex-poultry.com\\\/privacy-policy\\\/#breadcrumb\",\"itemListElement\":[{\"@type\":\"ListItem\",\"position\":1,\"name\":\"Home\",\"item\":\"https:\\\/\\\/carnex-poultry.com\\\/\"},{\"@type\":\"ListItem\",\"position\":2,\"name\":\"Privacy Policy\"}]},{\"@type\":\"WebSite\",\"@id\":\"https:\\\/\\\/carnex-poultry.com\\\/#website\",\"url\":\"https:\\\/\\\/carnex-poultry.com\\\/\",\"name\":\"Carnex\",\"description\":\"Poultry Trade\",\"publisher\":{\"@id\":\"https:\\\/\\\/carnex-poultry.com\\\/#organization\"},\"potentialAction\":[{\"@type\":\"SearchAction\",\"target\":{\"@type\":\"EntryPoint\",\"urlTemplate\":\"https:\\\/\\\/carnex-poultry.com\\\/?s={search_term_string}\"},\"query-input\":{\"@type\":\"PropertyValueSpecification\",\"valueRequired\":true,\"valueName\":\"search_term_string\"}}],\"inLanguage\":\"hu\"},{\"@type\":\"Organization\",\"@id\":\"https:\\\/\\\/carnex-poultry.com\\\/#organization\",\"name\":\"Carnex\",\"url\":\"https:\\\/\\\/carnex-poultry.com\\\/\",\"logo\":{\"@type\":\"ImageObject\",\"inLanguage\":\"hu\",\"@id\":\"https:\\\/\\\/carnex-poultry.com\\\/#\\\/schema\\\/logo\\\/image\\\/\",\"url\":\"https:\\\/\\\/carnex-poultry.com\\\/wp-content\\\/uploads\\\/2026\\\/04\\\/Carnex-logo-horizontal-2026.svg\",\"contentUrl\":\"https:\\\/\\\/carnex-poultry.com\\\/wp-content\\\/uploads\\\/2026\\\/04\\\/Carnex-logo-horizontal-2026.svg\",\"width\":210,\"height\":297,\"caption\":\"Carnex\"},\"image\":{\"@id\":\"https:\\\/\\\/carnex-poultry.com\\\/#\\\/schema\\\/logo\\\/image\\\/\"}}]}<\/script>\n<!-- \/ Yoast SEO plugin. -->","yoast_head_json":{"title":"Adatv\u00e9delmi ir\u00e1nyelvek - Carnex","robots":{"index":"index","follow":"follow","max-snippet":"max-snippet:-1","max-image-preview":"max-image-preview:large","max-video-preview":"max-video-preview:-1"},"canonical":"https:\/\/carnex-poultry.com\/hu\/adatvedelmi-iranyelvek\/","og_locale":"hu_HU","og_type":"article","og_title":"Privacy Policy - Carnex","og_description":"COOKIES POLICY Carnex cookies do not store confidential information such as your name or address. You must use your internet browser to restrict, block or delete cookies from this website. As each browser is different, you can see how to change your cookie preferences in the browser&#8217;s &#8220;Help&#8221; menu. Google Analytics &#8211; These cookies enable...","og_url":"https:\/\/carnex-poultry.com\/hu\/adatvedelmi-iranyelvek\/","og_site_name":"Carnex","article_modified_time":"2026-04-03T08:35:55+00:00","twitter_card":"summary_large_image","twitter_misc":{"Becs\u00fclt olvas\u00e1si id\u0151":"2 perc"},"schema":{"@context":"https:\/\/schema.org","@graph":[{"@type":"WebPage","@id":"https:\/\/carnex-poultry.com\/privacy-policy\/","url":"https:\/\/carnex-poultry.com\/privacy-policy\/","name":"Adatv\u00e9delmi ir\u00e1nyelvek - Carnex","isPartOf":{"@id":"https:\/\/carnex-poultry.com\/#website"},"datePublished":"2025-02-19T13:37:15+00:00","dateModified":"2026-04-03T08:35:55+00:00","breadcrumb":{"@id":"https:\/\/carnex-poultry.com\/privacy-policy\/#breadcrumb"},"inLanguage":"hu","potentialAction":[{"@type":"ReadAction","target":["https:\/\/carnex-poultry.com\/privacy-policy\/"]}]},{"@type":"BreadcrumbList","@id":"https:\/\/carnex-poultry.com\/privacy-policy\/#breadcrumb","itemListElement":[{"@type":"ListItem","position":1,"name":"Home","item":"https:\/\/carnex-poultry.com\/"},{"@type":"ListItem","position":2,"name":"Privacy Policy"}]},{"@type":"WebSite","@id":"https:\/\/carnex-poultry.com\/#website","url":"https:\/\/carnex-poultry.com\/","name":"Carnex","description":"Baromfi kereskedelem","publisher":{"@id":"https:\/\/carnex-poultry.com\/#organization"},"potentialAction":[{"@type":"SearchAction","target":{"@type":"EntryPoint","urlTemplate":"https:\/\/carnex-poultry.com\/?s={search_term_string}"},"query-input":{"@type":"PropertyValueSpecification","valueRequired":true,"valueName":"search_term_string"}}],"inLanguage":"hu"},{"@type":"Organization","@id":"https:\/\/carnex-poultry.com\/#organization","name":"Carnex","url":"https:\/\/carnex-poultry.com\/","logo":{"@type":"ImageObject","inLanguage":"hu","@id":"https:\/\/carnex-poultry.com\/#\/schema\/logo\/image\/","url":"https:\/\/carnex-poultry.com\/wp-content\/uploads\/2026\/04\/Carnex-logo-horizontal-2026.svg","contentUrl":"https:\/\/carnex-poultry.com\/wp-content\/uploads\/2026\/04\/Carnex-logo-horizontal-2026.svg","width":210,"height":297,"caption":"Carnex"},"image":{"@id":"https:\/\/carnex-poultry.com\/#\/schema\/logo\/image\/"}}]}},"_links":{"self":[{"href":"https:\/\/carnex-poultry.com\/hu\/wp-json\/wp\/v2\/pages\/1092","targetHints":{"allow":["GET"]}}],"collection":[{"href":"https:\/\/carnex-poultry.com\/hu\/wp-json\/wp\/v2\/pages"}],"about":[{"href":"https:\/\/carnex-poultry.com\/hu\/wp-json\/wp\/v2\/types\/page"}],"author":[{"embeddable":true,"href":"https:\/\/carnex-poultry.com\/hu\/wp-json\/wp\/v2\/users\/1"}],"replies":[{"embeddable":true,"href":"https:\/\/carnex-poultry.com\/hu\/wp-json\/wp\/v2\/comments?post=1092"}],"version-history":[{"count":10,"href":"https:\/\/carnex-poultry.com\/hu\/wp-json\/wp\/v2\/pages\/1092\/revisions"}],"predecessor-version":[{"id":988053,"href":"https:\/\/carnex-poultry.com\/hu\/wp-json\/wp\/v2\/pages\/1092\/revisions\/988053"}],"wp:attachment":[{"href":"https:\/\/carnex-poultry.com\/hu\/wp-json\/wp\/v2\/media?parent=1092"}],"curies":[{"name":"wp","href":"https:\/\/api.w.org\/{rel}","templated":true}]}}