{"id":1092,"date":"2025-02-19T13:37:15","date_gmt":"2025-02-19T13:37:15","guid":{"rendered":"https:\/\/finovate.vamtam.com\/?page_id=1092"},"modified":"2026-04-03T10:35:55","modified_gmt":"2026-04-03T08:35:55","slug":"privatumo-politika","status":"publish","type":"page","link":"https:\/\/carnex-poultry.com\/lt\/privacy-policy\/","title":{"rendered":"Privatumo politika"},"content":{"rendered":"<div data-elementor-type=\"wp-page\" data-elementor-id=\"1092\" class=\"elementor elementor-1092\" data-elementor-post-type=\"page\">\n\t\t\t\t<div class=\"elementor-element elementor-element-c1e8912 e-flex e-con-boxed e-con e-parent\" data-id=\"c1e8912\" data-element_type=\"container\" data-e-type=\"container\">\n\t\t\t\t\t<div class=\"e-con-inner\">\n\t\t\t\t<div class=\"elementor-element elementor-element-19b6271 elementor-widget elementor-widget-heading\" data-id=\"19b6271\" data-element_type=\"widget\" data-e-type=\"widget\" data-widget_type=\"heading.default\">\n\t\t\t\t<div class=\"elementor-widget-container\">\n\t\t\t\t\t<h2 class=\"elementor-heading-title elementor-size-default\">SLAPUK\u0172 POLITIKA<\/h2>\t\t\t\t<\/div>\n\t\t\t\t<\/div>\n\t\t\t\t<div class=\"vamtam-has-theme-widget-styles elementor-element elementor-element-eb7bd66 elementor-widget elementor-widget-text-editor\" data-id=\"eb7bd66\" data-element_type=\"widget\" data-e-type=\"widget\" data-widget_type=\"text-editor.default\">\n\t\t\t\t<div class=\"elementor-widget-container\">\n\t\t\t\t\t\t\t\t\t<p>\u201cCarnex\u201d slapukai nesaugo konfidencialios informacijos, tokios kaip j\u016bs\u0173 vardas ar adresas. Turite naudoti savo interneto nar\u0161ykl\u0119, kad apribotum\u0117te, blokuotum\u0117te arba i\u0161trintum\u0117te slapukus i\u0161 \u0161ios svetain\u0117s. Kadangi kiekviena nar\u0161ykl\u0117 yra skirtinga, nar\u0161ykl\u0117s \u201e\u017dinyno\u201c meniu galite rasti informacijos, kaip pakeisti slapuk\u0173 nuostatas.<\/p><p>Google Analytics \u2013 \u0160ie slapukai leid\u017eia naudoti \u201eGoogle Analytics\u201c funkcijas. \u0160i programin\u0117 \u012franga padeda gauti ir analizuoti informacij\u0105 apie naudojam\u0105 nar\u0161ykl\u0117s tip\u0105, lankytoj\u0173 skai\u010di\u0173 svetain\u0117je, rinkodaros kampanij\u0173 efektyvum\u0105 ir individuali\u0173 apsilankym\u0173 trukm\u0119. \u0160i informacija naudojama \u201eCarnex\u201c svetainei tobulinti.<\/p><p>Facebook \u2013 \u0160ie slapukai leid\u017eia veikti \u201eFacebook\u201c statistikos funkcijai. \u0160i programin\u0117 \u012franga padeda rinkti ir analizuoti informacij\u0105 apie panaudot\u0105 rinkodaros kampanij\u0173 efektyvum\u0105. \u0160i informacija naudojama \u201eCarnex\u201c svetainei tobulinti ir \u201eFacebook\u201c reklamoms pritaikyti.<\/p><p>Slapukus vartotojo galiniame \u012frenginyje ir prie j\u0173 prieig\u0105 turintis subjektas yra operatorius \u201eCarnex Sp. z o.o. s.k.a.\u201c (ul. Szkolna 18, 74-300 My\u015blib\u00f3rz). Slapukus vartotojo galiniame \u012frenginyje taip pat gali talpinti ir juos naudoti su operatoriumi bendradarbiaujantys partneriai \u2013 \u201eGoogle\u201c ir \u201eFacebook\u201c.<\/p><p>\u0160iuose failuose n\u0117ra saugoma jokios konfidencialios informacijos.<\/p>\t\t\t\t\t\t\t\t<\/div>\n\t\t\t\t<\/div>\n\t\t\t\t<div class=\"elementor-element elementor-element-7bff451 elementor-widget elementor-widget-heading\" data-id=\"7bff451\" data-element_type=\"widget\" data-e-type=\"widget\" data-widget_type=\"heading.default\">\n\t\t\t\t<div class=\"elementor-widget-container\">\n\t\t\t\t\t<h2 class=\"elementor-heading-title elementor-size-default\">ASMENS DUOMEN\u0172 APSAUGA<\/h2>\t\t\t\t<\/div>\n\t\t\t\t<\/div>\n\t\t\t\t<div class=\"elementor-element elementor-element-28fa2d6 elementor-widget elementor-widget-heading\" data-id=\"28fa2d6\" data-element_type=\"widget\" data-e-type=\"widget\" data-widget_type=\"heading.default\">\n\t\t\t\t<div class=\"elementor-widget-container\">\n\t\t\t\t\t<h3 class=\"elementor-heading-title elementor-size-default\">\u017durnalai<\/h3>\t\t\t\t<\/div>\n\t\t\t\t<\/div>\n\t\t\t\t<div class=\"vamtam-has-theme-widget-styles elementor-element elementor-element-e10cf8e elementor-widget elementor-widget-text-editor\" data-id=\"e10cf8e\" data-element_type=\"widget\" data-e-type=\"widget\" data-widget_type=\"text-editor.default\">\n\t\t\t\t<div class=\"elementor-widget-container\">\n\t\t\t\t\t\t\t\t\t<p>Naudojantis svetaine, serveriui, kuriame ji yra talpinama, siun\u010diamos u\u017eklausos. Kiekviena serveriui nukreipta u\u017eklausa i\u0161saugoma \u017eurnaluose, kuriuose, be kita ko, yra IP adresas, serverio data ir laikas, informacija apie naudojam\u0105 \u017einiatinklio nar\u0161ykl\u0119 ir operacin\u0119 sistem\u0105. Serverio \u017eurnaluose saugomi duomenys nesusiejami su konkre\u010diu asmeniu ir yra tik pagalbin\u0117 med\u017eiaga administravimui, o j\u0173 turinys neatskleid\u017eiamas niekam, i\u0161skyrus az.pl serverio administratori\u0173 \u012fgaliotus asmenis.<\/p>\t\t\t\t\t\t\t\t<\/div>\n\t\t\t\t<\/div>\n\t\t\t\t<div class=\"elementor-element elementor-element-c1b1131 elementor-widget elementor-widget-heading\" data-id=\"c1b1131\" data-element_type=\"widget\" data-e-type=\"widget\" data-widget_type=\"heading.default\">\n\t\t\t\t<div class=\"elementor-widget-container\">\n\t\t\t\t\t<h3 class=\"elementor-heading-title elementor-size-default\">KONTAKTIN\u0116 FORMA<\/h3>\t\t\t\t<\/div>\n\t\t\t\t<\/div>\n\t\t\t\t<div class=\"vamtam-has-theme-widget-styles elementor-element elementor-element-0925075 elementor-widget elementor-widget-text-editor\" data-id=\"0925075\" data-element_type=\"widget\" data-e-type=\"widget\" data-widget_type=\"text-editor.default\">\n\t\t\t\t<div class=\"elementor-widget-container\">\n\t\t\t\t\t\t\t\t\t<p>Jei i\u0161si\u0173site mums \u017einut\u0119 per kontaktin\u0119 form\u0105, pateikti duomenys bus naudojami rinkodaros tikslais. \u0160ie duomenys saugomi m\u016bs\u0173 el. pa\u0161to d\u0117\u017eut\u0117je az.pl, siekiant valdyti pa\u0161t\u0105 ir atsakyti \u012f j\u016bs\u0173 \u017einut\u0119. Tre\u010diosios \u0161alys prie j\u0173 netur\u0117s prieigos.<\/p><p>Asmens duomen\u0173 pateikimas rinkodaros ir komerciniais tikslais yra savanori\u0161kas. J\u016bs galite bet kuriuo metu susipa\u017einti su savo asmens duomenimis, juos i\u0161taisyti ir pra\u0161yti j\u0173 i\u0161trynimo. D\u0117l \u0161i\u0173 veiksm\u0173 pra\u0161ome kreiptis \u012f mus.<\/p><p>Duomen\u0173 valdytojas yra Carnex Sp. z o.o. s.k.a. ul. Szkolna 18, 74-300 My\u015blib\u00f3rz, Lenkija<\/p><p>Administratoris informuoja Vartotoj\u0105, kad duomen\u0173 tvarkym\u0105 paveda \u0161ioms bendrov\u0117ms: AZ.pl Sp. z o.o., ul. Zbo\u017cowa 4, 70-653 Szczecin, NIP: 8561164306, REGON: 810903927, KRS: 0000360147, kad asmens duomenys b\u016bt\u0173 laikomi serveryje.<\/p>\t\t\t\t\t\t\t\t<\/div>\n\t\t\t\t<\/div>\n\t\t\t\t\t<\/div>\n\t\t\t\t<\/div>\n\t\t\t\t<\/div>","protected":false},"excerpt":{"rendered":"<p>COOKIES POLICY Carnex cookies do not store confidential information such as your name or address. You must use your internet browser to restrict, block or delete cookies from this website. As each browser is different, you can see how to change your cookie preferences in the browser&#8217;s &#8220;Help&#8221; menu. Google Analytics &#8211; These cookies enable&#8230;<\/p>","protected":false},"author":1,"featured_media":0,"parent":0,"menu_order":0,"comment_status":"closed","ping_status":"closed","template":"elementor_header_footer","meta":{"inline_featured_image":false,"footnotes":""},"class_list":["post-1092","page","type-page","status-publish","hentry"],"yoast_head":"<!-- This site is optimized with the Yoast SEO plugin v27.4 - https:\/\/yoast.com\/product\/yoast-seo-wordpress\/ -->\n<title>Privacy Policy - Carnex<\/title>\n<meta name=\"robots\" content=\"index, follow, max-snippet:-1, max-image-preview:large, max-video-preview:-1\" \/>\n<link rel=\"canonical\" href=\"https:\/\/carnex-poultry.com\/lt\/privatumo-politika\/\" \/>\n<meta property=\"og:locale\" content=\"lt_LT\" \/>\n<meta property=\"og:type\" content=\"article\" \/>\n<meta property=\"og:title\" content=\"Privacy Policy - Carnex\" \/>\n<meta property=\"og:description\" content=\"COOKIES POLICY Carnex cookies do not store confidential information such as your name or address. You must use your internet browser to restrict, block or delete cookies from this website. As each browser is different, you can see how to change your cookie preferences in the browser&#8217;s &#8220;Help&#8221; menu. Google Analytics &#8211; These cookies enable...\" \/>\n<meta property=\"og:url\" content=\"https:\/\/carnex-poultry.com\/lt\/privatumo-politika\/\" \/>\n<meta property=\"og:site_name\" content=\"Carnex\" \/>\n<meta property=\"article:modified_time\" content=\"2026-04-03T08:35:55+00:00\" \/>\n<meta name=\"twitter:card\" content=\"summary_large_image\" \/>\n<meta name=\"twitter:label1\" content=\"Est. reading time\" \/>\n\t<meta name=\"twitter:data1\" content=\"2 minut\u0117s\" \/>\n<script type=\"application\/ld+json\" class=\"yoast-schema-graph\">{\"@context\":\"https:\\\/\\\/schema.org\",\"@graph\":[{\"@type\":\"WebPage\",\"@id\":\"https:\\\/\\\/carnex-poultry.com\\\/privacy-policy\\\/\",\"url\":\"https:\\\/\\\/carnex-poultry.com\\\/privacy-policy\\\/\",\"name\":\"Privacy Policy - Carnex\",\"isPartOf\":{\"@id\":\"https:\\\/\\\/carnex-poultry.com\\\/#website\"},\"datePublished\":\"2025-02-19T13:37:15+00:00\",\"dateModified\":\"2026-04-03T08:35:55+00:00\",\"breadcrumb\":{\"@id\":\"https:\\\/\\\/carnex-poultry.com\\\/privacy-policy\\\/#breadcrumb\"},\"inLanguage\":\"lt-LT\",\"potentialAction\":[{\"@type\":\"ReadAction\",\"target\":[\"https:\\\/\\\/carnex-poultry.com\\\/privacy-policy\\\/\"]}]},{\"@type\":\"BreadcrumbList\",\"@id\":\"https:\\\/\\\/carnex-poultry.com\\\/privacy-policy\\\/#breadcrumb\",\"itemListElement\":[{\"@type\":\"ListItem\",\"position\":1,\"name\":\"Home\",\"item\":\"https:\\\/\\\/carnex-poultry.com\\\/\"},{\"@type\":\"ListItem\",\"position\":2,\"name\":\"Privacy Policy\"}]},{\"@type\":\"WebSite\",\"@id\":\"https:\\\/\\\/carnex-poultry.com\\\/#website\",\"url\":\"https:\\\/\\\/carnex-poultry.com\\\/\",\"name\":\"Carnex\",\"description\":\"Poultry Trade\",\"publisher\":{\"@id\":\"https:\\\/\\\/carnex-poultry.com\\\/#organization\"},\"potentialAction\":[{\"@type\":\"SearchAction\",\"target\":{\"@type\":\"EntryPoint\",\"urlTemplate\":\"https:\\\/\\\/carnex-poultry.com\\\/?s={search_term_string}\"},\"query-input\":{\"@type\":\"PropertyValueSpecification\",\"valueRequired\":true,\"valueName\":\"search_term_string\"}}],\"inLanguage\":\"lt-LT\"},{\"@type\":\"Organization\",\"@id\":\"https:\\\/\\\/carnex-poultry.com\\\/#organization\",\"name\":\"Carnex\",\"url\":\"https:\\\/\\\/carnex-poultry.com\\\/\",\"logo\":{\"@type\":\"ImageObject\",\"inLanguage\":\"lt-LT\",\"@id\":\"https:\\\/\\\/carnex-poultry.com\\\/#\\\/schema\\\/logo\\\/image\\\/\",\"url\":\"https:\\\/\\\/carnex-poultry.com\\\/wp-content\\\/uploads\\\/2026\\\/04\\\/Carnex-logo-horizontal-2026.svg\",\"contentUrl\":\"https:\\\/\\\/carnex-poultry.com\\\/wp-content\\\/uploads\\\/2026\\\/04\\\/Carnex-logo-horizontal-2026.svg\",\"width\":210,\"height\":297,\"caption\":\"Carnex\"},\"image\":{\"@id\":\"https:\\\/\\\/carnex-poultry.com\\\/#\\\/schema\\\/logo\\\/image\\\/\"}}]}<\/script>\n<!-- \/ Yoast SEO plugin. -->","yoast_head_json":{"title":"Privatumo politika - Carnex","robots":{"index":"index","follow":"follow","max-snippet":"max-snippet:-1","max-image-preview":"max-image-preview:large","max-video-preview":"max-video-preview:-1"},"canonical":"https:\/\/carnex-poultry.com\/lt\/privatumo-politika\/","og_locale":"lt_LT","og_type":"article","og_title":"Privacy Policy - Carnex","og_description":"COOKIES POLICY Carnex cookies do not store confidential information such as your name or address. You must use your internet browser to restrict, block or delete cookies from this website. As each browser is different, you can see how to change your cookie preferences in the browser&#8217;s &#8220;Help&#8221; menu. Google Analytics &#8211; These cookies enable...","og_url":"https:\/\/carnex-poultry.com\/lt\/privatumo-politika\/","og_site_name":"Carnex","article_modified_time":"2026-04-03T08:35:55+00:00","twitter_card":"summary_large_image","twitter_misc":{"Est. reading time":"2 minut\u0117s"},"schema":{"@context":"https:\/\/schema.org","@graph":[{"@type":"WebPage","@id":"https:\/\/carnex-poultry.com\/privacy-policy\/","url":"https:\/\/carnex-poultry.com\/privacy-policy\/","name":"Privatumo politika - Carnex","isPartOf":{"@id":"https:\/\/carnex-poultry.com\/#website"},"datePublished":"2025-02-19T13:37:15+00:00","dateModified":"2026-04-03T08:35:55+00:00","breadcrumb":{"@id":"https:\/\/carnex-poultry.com\/privacy-policy\/#breadcrumb"},"inLanguage":"lt-LT","potentialAction":[{"@type":"ReadAction","target":["https:\/\/carnex-poultry.com\/privacy-policy\/"]}]},{"@type":"BreadcrumbList","@id":"https:\/\/carnex-poultry.com\/privacy-policy\/#breadcrumb","itemListElement":[{"@type":"ListItem","position":1,"name":"Home","item":"https:\/\/carnex-poultry.com\/"},{"@type":"ListItem","position":2,"name":"Privacy Policy"}]},{"@type":"WebSite","@id":"https:\/\/carnex-poultry.com\/#website","url":"https:\/\/carnex-poultry.com\/","name":"Carnex","description":"Pauk\u0161tienos prekyba","publisher":{"@id":"https:\/\/carnex-poultry.com\/#organization"},"potentialAction":[{"@type":"SearchAction","target":{"@type":"EntryPoint","urlTemplate":"https:\/\/carnex-poultry.com\/?s={search_term_string}"},"query-input":{"@type":"PropertyValueSpecification","valueRequired":true,"valueName":"search_term_string"}}],"inLanguage":"lt-LT"},{"@type":"Organization","@id":"https:\/\/carnex-poultry.com\/#organization","name":"Carnex","url":"https:\/\/carnex-poultry.com\/","logo":{"@type":"ImageObject","inLanguage":"lt-LT","@id":"https:\/\/carnex-poultry.com\/#\/schema\/logo\/image\/","url":"https:\/\/carnex-poultry.com\/wp-content\/uploads\/2026\/04\/Carnex-logo-horizontal-2026.svg","contentUrl":"https:\/\/carnex-poultry.com\/wp-content\/uploads\/2026\/04\/Carnex-logo-horizontal-2026.svg","width":210,"height":297,"caption":"Carnex"},"image":{"@id":"https:\/\/carnex-poultry.com\/#\/schema\/logo\/image\/"}}]}},"_links":{"self":[{"href":"https:\/\/carnex-poultry.com\/lt\/wp-json\/wp\/v2\/pages\/1092","targetHints":{"allow":["GET"]}}],"collection":[{"href":"https:\/\/carnex-poultry.com\/lt\/wp-json\/wp\/v2\/pages"}],"about":[{"href":"https:\/\/carnex-poultry.com\/lt\/wp-json\/wp\/v2\/types\/page"}],"author":[{"embeddable":true,"href":"https:\/\/carnex-poultry.com\/lt\/wp-json\/wp\/v2\/users\/1"}],"replies":[{"embeddable":true,"href":"https:\/\/carnex-poultry.com\/lt\/wp-json\/wp\/v2\/comments?post=1092"}],"version-history":[{"count":10,"href":"https:\/\/carnex-poultry.com\/lt\/wp-json\/wp\/v2\/pages\/1092\/revisions"}],"predecessor-version":[{"id":988053,"href":"https:\/\/carnex-poultry.com\/lt\/wp-json\/wp\/v2\/pages\/1092\/revisions\/988053"}],"wp:attachment":[{"href":"https:\/\/carnex-poultry.com\/lt\/wp-json\/wp\/v2\/media?parent=1092"}],"curies":[{"name":"wp","href":"https:\/\/api.w.org\/{rel}","templated":true}]}}