{"id":1092,"date":"2025-02-19T13:37:15","date_gmt":"2025-02-19T13:37:15","guid":{"rendered":"https:\/\/finovate.vamtam.com\/?page_id=1092"},"modified":"2026-04-03T10:35:55","modified_gmt":"2026-04-03T08:35:55","slug":"polityka-prywatnosci","status":"publish","type":"page","link":"https:\/\/carnex-poultry.com\/pl\/privacy-policy\/","title":{"rendered":"Polityka Prywatno\u015bci"},"content":{"rendered":"<div data-elementor-type=\"wp-page\" data-elementor-id=\"1092\" class=\"elementor elementor-1092\" data-elementor-post-type=\"page\">\n\t\t\t\t<div class=\"elementor-element elementor-element-c1e8912 e-flex e-con-boxed e-con e-parent\" data-id=\"c1e8912\" data-element_type=\"container\" data-e-type=\"container\">\n\t\t\t\t\t<div class=\"e-con-inner\">\n\t\t\t\t<div class=\"elementor-element elementor-element-19b6271 elementor-widget elementor-widget-heading\" data-id=\"19b6271\" data-element_type=\"widget\" data-e-type=\"widget\" data-widget_type=\"heading.default\">\n\t\t\t\t<div class=\"elementor-widget-container\">\n\t\t\t\t\t<h2 class=\"elementor-heading-title elementor-size-default\">POLITYKA COOKIES<\/h2>\t\t\t\t<\/div>\n\t\t\t\t<\/div>\n\t\t\t\t<div class=\"vamtam-has-theme-widget-styles elementor-element elementor-element-eb7bd66 elementor-widget elementor-widget-text-editor\" data-id=\"eb7bd66\" data-element_type=\"widget\" data-e-type=\"widget\" data-widget_type=\"text-editor.default\">\n\t\t\t\t<div class=\"elementor-widget-container\">\n\t\t\t\t\t\t\t\t\t<p>Ciasteczka Carnex nie przechowuj\u0105 poufnych informacji, takich jak Twoje imi\u0119 i nazwisko ani adres. Musisz u\u017cy\u0107 przegl\u0105darki internetowej, aby ograniczy\u0107, zablokowa\u0107 lub usun\u0105\u0107 pliki cookie z tej witryny. Poniewa\u017c ka\u017cda przegl\u0105darka jest inna, mo\u017cesz sprawdzi\u0107, jak zmieni\u0107 preferencje dotycz\u0105ce plik\u00f3w cookie w menu \u201cPomoc\u201d przegl\u0105darki.<\/p><p>Google Analytics \u2013 Te pliki cookie umo\u017cliwiaj\u0105 dzia\u0142anie Google Analytics. To oprogramowanie pomaga uzyskiwa\u0107 i analizowa\u0107 informacje o rodzaju u\u017cywanej przegl\u0105darki, liczbie odwiedzaj\u0105cych witryn\u0119, skuteczno\u015bci kampanii marketingowych i czasie poszczeg\u00f3lnych wizyt. Informacje te s\u0142u\u017c\u0105 do ulepszania witryny Carnex.<\/p><p>Facebook \u2013 Te pliki cookie umo\u017cliwiaj\u0105 dzia\u0142anie funkcji statystyk Facebooka. Oprogramowanie to pomaga w zbieraniu i analizowaniu informacji o skuteczno\u015bci u\u017cywanych kampanii marketingowych. Informacje te s\u0105 wykorzystywane do ulepszania strony internetowej Carnex i dostosowywania reklam na Facebooku.<\/p><p>Podmiotem umieszczaj\u0105cym pliki cookie na urz\u0105dzeniu ko\u0144cowym u\u017cytkownika i uzyskuj\u0105cym do nich dost\u0119p jest operator Carnex Sp. z o.o. s.k.a. ul. Szkolna 18, 74-300 My\u015blib\u00f3rz. Pliki cookie mog\u0105 by\u0107 r\u00f3wnie\u017c umieszczane na urz\u0105dzeniu ko\u0144cowym u\u017cytkownika i wykorzystywane przez partner\u00f3w wsp\u00f3\u0142pracuj\u0105cych z operatorem \u2013 Google i Facebook.<\/p><p>Te pliki nie przechowuj\u0105 \u017cadnych poufnych informacji.<\/p>\t\t\t\t\t\t\t\t<\/div>\n\t\t\t\t<\/div>\n\t\t\t\t<div class=\"elementor-element elementor-element-7bff451 elementor-widget elementor-widget-heading\" data-id=\"7bff451\" data-element_type=\"widget\" data-e-type=\"widget\" data-widget_type=\"heading.default\">\n\t\t\t\t<div class=\"elementor-widget-container\">\n\t\t\t\t\t<h2 class=\"elementor-heading-title elementor-size-default\">OCHRONA DANYCH OSOBOWYCH<\/h2>\t\t\t\t<\/div>\n\t\t\t\t<\/div>\n\t\t\t\t<div class=\"elementor-element elementor-element-28fa2d6 elementor-widget elementor-widget-heading\" data-id=\"28fa2d6\" data-element_type=\"widget\" data-e-type=\"widget\" data-widget_type=\"heading.default\">\n\t\t\t\t<div class=\"elementor-widget-container\">\n\t\t\t\t\t<h3 class=\"elementor-heading-title elementor-size-default\">LOGI<\/h3>\t\t\t\t<\/div>\n\t\t\t\t<\/div>\n\t\t\t\t<div class=\"vamtam-has-theme-widget-styles elementor-element elementor-element-e10cf8e elementor-widget elementor-widget-text-editor\" data-id=\"e10cf8e\" data-element_type=\"widget\" data-e-type=\"widget\" data-widget_type=\"text-editor.default\">\n\t\t\t\t<div class=\"elementor-widget-container\">\n\t\t\t\t\t\t\t\t\t<p>Korzystanie z witryny internetowej wi\u0105\u017ce si\u0119 z wysy\u0142aniem zapyta\u0144 do serwera, kt\u00f3ry j\u0105 hostuje. Ka\u017cde zapytanie kierowane do serwera jest zapisywane w logach, kt\u00f3re zawieraj\u0105 m.in. adres IP, dat\u0119 i godzin\u0119 serwera, informacje o u\u017cywanej przegl\u0105darce internetowej i systemie operacyjnym. Dane przechowywane w logach serwera nie s\u0105 powi\u0105zane z konkretn\u0105 osob\u0105 i stanowi\u0105 jedynie materia\u0142 pomocniczy do cel\u00f3w administracyjnych, a ich zawarto\u015b\u0107 nie jest udost\u0119pniana nikomu poza osobami upowa\u017cnionymi do administrowania serwerem az.pl.<\/p>\t\t\t\t\t\t\t\t<\/div>\n\t\t\t\t<\/div>\n\t\t\t\t<div class=\"elementor-element elementor-element-c1b1131 elementor-widget elementor-widget-heading\" data-id=\"c1b1131\" data-element_type=\"widget\" data-e-type=\"widget\" data-widget_type=\"heading.default\">\n\t\t\t\t<div class=\"elementor-widget-container\">\n\t\t\t\t\t<h3 class=\"elementor-heading-title elementor-size-default\">FORMULARZ KONTAKTOWY<\/h3>\t\t\t\t<\/div>\n\t\t\t\t<\/div>\n\t\t\t\t<div class=\"vamtam-has-theme-widget-styles elementor-element elementor-element-0925075 elementor-widget elementor-widget-text-editor\" data-id=\"0925075\" data-element_type=\"widget\" data-e-type=\"widget\" data-widget_type=\"text-editor.default\">\n\t\t\t\t<div class=\"elementor-widget-container\">\n\t\t\t\t\t\t\t\t\t<p>Wysy\u0142aj\u0105c do nas wiadomo\u015b\u0107 za pomoc\u0105 formularza kontaktowego, podane dane zostan\u0105 wykorzystane do cel\u00f3w marketingowych. Dane te s\u0105 przechowywane w naszej skrzynce e-mailowej pod adresem az.pl w celu zarz\u0105dzania poczt\u0105 i wys\u0142ania odpowiedzi na Twoj\u0105 wiadomo\u015b\u0107. Strony trzecie nie b\u0119d\u0105 mia\u0142y do nich dost\u0119pu.<\/p><p>Podanie danych osobowych w celach marketingowych i handlowych jest dobrowolne. W ka\u017cdej chwili mo\u017cesz uzyska\u0107 dost\u0119p do swoich danych osobowych, poprawi\u0107 je i za\u017c\u0105da\u0107 ich usuni\u0119cia. W tym celu skontaktuj si\u0119 z nami.<\/p><p>Administratorem danych osobowych jest Carnex Sp. z o.o. s.k.a. ul. Szkolna 18, 74-300 My\u015blib\u00f3rz.<\/p><p>Administrator informuje U\u017cytkownika, \u017ce powierza przetwarzanie danych osobowych nast\u0119puj\u0105cym podmiotom: AZ.pl Sp. z o.o., ul. Zbo\u017cowa 4, 70-653 Szczecin, NIP: 8561164306, REGON: 810903927, KRS: 0000360147 w celu przechowywania danych osobowych na serwerze.<\/p>\t\t\t\t\t\t\t\t<\/div>\n\t\t\t\t<\/div>\n\t\t\t\t\t<\/div>\n\t\t\t\t<\/div>\n\t\t\t\t<\/div>","protected":false},"excerpt":{"rendered":"<p>COOKIES POLICY Carnex cookies do not store confidential information such as your name or address. You must use your internet browser to restrict, block or delete cookies from this website. As each browser is different, you can see how to change your cookie preferences in the browser&#8217;s &#8220;Help&#8221; menu. Google Analytics &#8211; These cookies enable&#8230;<\/p>","protected":false},"author":1,"featured_media":0,"parent":0,"menu_order":0,"comment_status":"closed","ping_status":"closed","template":"elementor_header_footer","meta":{"inline_featured_image":false,"footnotes":""},"class_list":["post-1092","page","type-page","status-publish","hentry"],"yoast_head":"<!-- This site is optimized with the Yoast SEO plugin v27.4 - https:\/\/yoast.com\/product\/yoast-seo-wordpress\/ -->\n<title>Privacy Policy - Carnex<\/title>\n<meta name=\"robots\" content=\"index, follow, max-snippet:-1, max-image-preview:large, max-video-preview:-1\" \/>\n<link rel=\"canonical\" href=\"https:\/\/carnex-poultry.com\/pl\/polityka-prywatnosci\/\" \/>\n<meta property=\"og:locale\" content=\"pl_PL\" \/>\n<meta property=\"og:type\" content=\"article\" \/>\n<meta property=\"og:title\" content=\"Privacy Policy - Carnex\" \/>\n<meta property=\"og:description\" content=\"COOKIES POLICY Carnex cookies do not store confidential information such as your name or address. You must use your internet browser to restrict, block or delete cookies from this website. As each browser is different, you can see how to change your cookie preferences in the browser&#8217;s &#8220;Help&#8221; menu. Google Analytics &#8211; These cookies enable...\" \/>\n<meta property=\"og:url\" content=\"https:\/\/carnex-poultry.com\/pl\/polityka-prywatnosci\/\" \/>\n<meta property=\"og:site_name\" content=\"Carnex\" \/>\n<meta property=\"article:modified_time\" content=\"2026-04-03T08:35:55+00:00\" \/>\n<meta name=\"twitter:card\" content=\"summary_large_image\" \/>\n<meta name=\"twitter:label1\" content=\"Szacowany czas czytania\" \/>\n\t<meta name=\"twitter:data1\" content=\"2 minuty\" \/>\n<script type=\"application\/ld+json\" class=\"yoast-schema-graph\">{\"@context\":\"https:\\\/\\\/schema.org\",\"@graph\":[{\"@type\":\"WebPage\",\"@id\":\"https:\\\/\\\/carnex-poultry.com\\\/privacy-policy\\\/\",\"url\":\"https:\\\/\\\/carnex-poultry.com\\\/privacy-policy\\\/\",\"name\":\"Privacy Policy - Carnex\",\"isPartOf\":{\"@id\":\"https:\\\/\\\/carnex-poultry.com\\\/#website\"},\"datePublished\":\"2025-02-19T13:37:15+00:00\",\"dateModified\":\"2026-04-03T08:35:55+00:00\",\"breadcrumb\":{\"@id\":\"https:\\\/\\\/carnex-poultry.com\\\/privacy-policy\\\/#breadcrumb\"},\"inLanguage\":\"pl-PL\",\"potentialAction\":[{\"@type\":\"ReadAction\",\"target\":[\"https:\\\/\\\/carnex-poultry.com\\\/privacy-policy\\\/\"]}]},{\"@type\":\"BreadcrumbList\",\"@id\":\"https:\\\/\\\/carnex-poultry.com\\\/privacy-policy\\\/#breadcrumb\",\"itemListElement\":[{\"@type\":\"ListItem\",\"position\":1,\"name\":\"Home\",\"item\":\"https:\\\/\\\/carnex-poultry.com\\\/\"},{\"@type\":\"ListItem\",\"position\":2,\"name\":\"Privacy Policy\"}]},{\"@type\":\"WebSite\",\"@id\":\"https:\\\/\\\/carnex-poultry.com\\\/#website\",\"url\":\"https:\\\/\\\/carnex-poultry.com\\\/\",\"name\":\"Carnex\",\"description\":\"Poultry Trade\",\"publisher\":{\"@id\":\"https:\\\/\\\/carnex-poultry.com\\\/#organization\"},\"potentialAction\":[{\"@type\":\"SearchAction\",\"target\":{\"@type\":\"EntryPoint\",\"urlTemplate\":\"https:\\\/\\\/carnex-poultry.com\\\/?s={search_term_string}\"},\"query-input\":{\"@type\":\"PropertyValueSpecification\",\"valueRequired\":true,\"valueName\":\"search_term_string\"}}],\"inLanguage\":\"pl-PL\"},{\"@type\":\"Organization\",\"@id\":\"https:\\\/\\\/carnex-poultry.com\\\/#organization\",\"name\":\"Carnex\",\"url\":\"https:\\\/\\\/carnex-poultry.com\\\/\",\"logo\":{\"@type\":\"ImageObject\",\"inLanguage\":\"pl-PL\",\"@id\":\"https:\\\/\\\/carnex-poultry.com\\\/#\\\/schema\\\/logo\\\/image\\\/\",\"url\":\"https:\\\/\\\/carnex-poultry.com\\\/wp-content\\\/uploads\\\/2026\\\/04\\\/Carnex-logo-horizontal-2026.svg\",\"contentUrl\":\"https:\\\/\\\/carnex-poultry.com\\\/wp-content\\\/uploads\\\/2026\\\/04\\\/Carnex-logo-horizontal-2026.svg\",\"width\":210,\"height\":297,\"caption\":\"Carnex\"},\"image\":{\"@id\":\"https:\\\/\\\/carnex-poultry.com\\\/#\\\/schema\\\/logo\\\/image\\\/\"}}]}<\/script>\n<!-- \/ Yoast SEO plugin. -->","yoast_head_json":{"title":"Polityka Prywatno\u015bci - Carnex","robots":{"index":"index","follow":"follow","max-snippet":"max-snippet:-1","max-image-preview":"max-image-preview:large","max-video-preview":"max-video-preview:-1"},"canonical":"https:\/\/carnex-poultry.com\/pl\/polityka-prywatnosci\/","og_locale":"pl_PL","og_type":"article","og_title":"Privacy Policy - Carnex","og_description":"COOKIES POLICY Carnex cookies do not store confidential information such as your name or address. You must use your internet browser to restrict, block or delete cookies from this website. As each browser is different, you can see how to change your cookie preferences in the browser&#8217;s &#8220;Help&#8221; menu. Google Analytics &#8211; These cookies enable...","og_url":"https:\/\/carnex-poultry.com\/pl\/polityka-prywatnosci\/","og_site_name":"Carnex","article_modified_time":"2026-04-03T08:35:55+00:00","twitter_card":"summary_large_image","twitter_misc":{"Szacowany czas czytania":"2 minuty"},"schema":{"@context":"https:\/\/schema.org","@graph":[{"@type":"WebPage","@id":"https:\/\/carnex-poultry.com\/privacy-policy\/","url":"https:\/\/carnex-poultry.com\/privacy-policy\/","name":"Polityka Prywatno\u015bci - Carnex","isPartOf":{"@id":"https:\/\/carnex-poultry.com\/#website"},"datePublished":"2025-02-19T13:37:15+00:00","dateModified":"2026-04-03T08:35:55+00:00","breadcrumb":{"@id":"https:\/\/carnex-poultry.com\/privacy-policy\/#breadcrumb"},"inLanguage":"pl-PL","potentialAction":[{"@type":"ReadAction","target":["https:\/\/carnex-poultry.com\/privacy-policy\/"]}]},{"@type":"BreadcrumbList","@id":"https:\/\/carnex-poultry.com\/privacy-policy\/#breadcrumb","itemListElement":[{"@type":"ListItem","position":1,"name":"Home","item":"https:\/\/carnex-poultry.com\/"},{"@type":"ListItem","position":2,"name":"Privacy Policy"}]},{"@type":"WebSite","@id":"https:\/\/carnex-poultry.com\/#website","url":"https:\/\/carnex-poultry.com\/","name":"Carnex","description":"Handel drobiem","publisher":{"@id":"https:\/\/carnex-poultry.com\/#organization"},"potentialAction":[{"@type":"SearchAction","target":{"@type":"EntryPoint","urlTemplate":"https:\/\/carnex-poultry.com\/?s={search_term_string}"},"query-input":{"@type":"PropertyValueSpecification","valueRequired":true,"valueName":"search_term_string"}}],"inLanguage":"pl-PL"},{"@type":"Organization","@id":"https:\/\/carnex-poultry.com\/#organization","name":"Carnex","url":"https:\/\/carnex-poultry.com\/","logo":{"@type":"ImageObject","inLanguage":"pl-PL","@id":"https:\/\/carnex-poultry.com\/#\/schema\/logo\/image\/","url":"https:\/\/carnex-poultry.com\/wp-content\/uploads\/2026\/04\/Carnex-logo-horizontal-2026.svg","contentUrl":"https:\/\/carnex-poultry.com\/wp-content\/uploads\/2026\/04\/Carnex-logo-horizontal-2026.svg","width":210,"height":297,"caption":"Carnex"},"image":{"@id":"https:\/\/carnex-poultry.com\/#\/schema\/logo\/image\/"}}]}},"_links":{"self":[{"href":"https:\/\/carnex-poultry.com\/pl\/wp-json\/wp\/v2\/pages\/1092","targetHints":{"allow":["GET"]}}],"collection":[{"href":"https:\/\/carnex-poultry.com\/pl\/wp-json\/wp\/v2\/pages"}],"about":[{"href":"https:\/\/carnex-poultry.com\/pl\/wp-json\/wp\/v2\/types\/page"}],"author":[{"embeddable":true,"href":"https:\/\/carnex-poultry.com\/pl\/wp-json\/wp\/v2\/users\/1"}],"replies":[{"embeddable":true,"href":"https:\/\/carnex-poultry.com\/pl\/wp-json\/wp\/v2\/comments?post=1092"}],"version-history":[{"count":10,"href":"https:\/\/carnex-poultry.com\/pl\/wp-json\/wp\/v2\/pages\/1092\/revisions"}],"predecessor-version":[{"id":988053,"href":"https:\/\/carnex-poultry.com\/pl\/wp-json\/wp\/v2\/pages\/1092\/revisions\/988053"}],"wp:attachment":[{"href":"https:\/\/carnex-poultry.com\/pl\/wp-json\/wp\/v2\/media?parent=1092"}],"curies":[{"name":"wp","href":"https:\/\/api.w.org\/{rel}","templated":true}]}}