{"id":1092,"date":"2025-02-19T13:37:15","date_gmt":"2025-02-19T13:37:15","guid":{"rendered":"https:\/\/finovate.vamtam.com\/?page_id=1092"},"modified":"2026-04-03T10:35:55","modified_gmt":"2026-04-03T08:35:55","slug":"integritetspolicy","status":"publish","type":"page","link":"https:\/\/carnex-poultry.com\/sv\/privacy-policy\/","title":{"rendered":"Integritetspolicy"},"content":{"rendered":"<div data-elementor-type=\"wp-page\" data-elementor-id=\"1092\" class=\"elementor elementor-1092\" data-elementor-post-type=\"page\">\n\t\t\t\t<div class=\"elementor-element elementor-element-c1e8912 e-flex e-con-boxed e-con e-parent\" data-id=\"c1e8912\" data-element_type=\"container\" data-e-type=\"container\">\n\t\t\t\t\t<div class=\"e-con-inner\">\n\t\t\t\t<div class=\"elementor-element elementor-element-19b6271 elementor-widget elementor-widget-heading\" data-id=\"19b6271\" data-element_type=\"widget\" data-e-type=\"widget\" data-widget_type=\"heading.default\">\n\t\t\t\t<div class=\"elementor-widget-container\">\n\t\t\t\t\t<h2 class=\"elementor-heading-title elementor-size-default\">COOKIEPOLICY<\/h2>\t\t\t\t<\/div>\n\t\t\t\t<\/div>\n\t\t\t\t<div class=\"vamtam-has-theme-widget-styles elementor-element elementor-element-eb7bd66 elementor-widget elementor-widget-text-editor\" data-id=\"eb7bd66\" data-element_type=\"widget\" data-e-type=\"widget\" data-widget_type=\"text-editor.default\">\n\t\t\t\t<div class=\"elementor-widget-container\">\n\t\t\t\t\t\t\t\t\t<p>Carnex cookies lagrar inte konfidentiell information som ditt namn eller adress. Du m\u00e5ste anv\u00e4nda din webbl\u00e4sare f\u00f6r att begr\u00e4nsa, blockera eller radera cookies fr\u00e5n denna webbplats. Eftersom varje webbl\u00e4sare \u00e4r olika, kan du se hur du \u00e4ndrar dina cookie-preferenser i webbl\u00e4sarens \u201cHj\u00e4lp\u201d-meny.<\/p><p>Google Analytics \u2013 Dessa cookies m\u00f6jligg\u00f6r funktionaliteten hos Google Analytics. Denna programvara hj\u00e4lper till att erh\u00e5lla och analysera information om vilken typ av webbl\u00e4sare som anv\u00e4nds, antalet bes\u00f6kare p\u00e5 webbplatsen, effektiviteten hos marknadsf\u00f6ringskampanjer och tidpunkten f\u00f6r individuella bes\u00f6k. Denna information anv\u00e4nds f\u00f6r att f\u00f6rb\u00e4ttra Carnex webbplats.<\/p><p>Facebook \u2013 Dessa cookies m\u00f6jligg\u00f6r f\u00f6r Facebooks statistikfunktion att fungera. Denna programvara bidrar till att samla in och analysera information om effektiviteten hos marknadsf\u00f6ringskampanjer. Denna information anv\u00e4nds f\u00f6r att f\u00f6rb\u00e4ttra Carnex webbplats och f\u00f6r att anpassa Facebook-annonser.<\/p><p>Entiteten som placerar cookies p\u00e5 anv\u00e4ndarens slutenhet och kommer \u00e5t dem \u00e4r operat\u00f6ren Carnex Sp. z o.o. s.k.a. ul. Szkolna 18, 74-300 My\u015blib\u00f3rz. Cookies kan \u00e4ven placeras p\u00e5 anv\u00e4ndarens slutenhet och anv\u00e4ndas av partners som samarbetar med operat\u00f6ren \u2013 Google och Facebook.<\/p><p>Dessa filer inneh\u00e5ller ingen konfidentiell information.<\/p>\t\t\t\t\t\t\t\t<\/div>\n\t\t\t\t<\/div>\n\t\t\t\t<div class=\"elementor-element elementor-element-7bff451 elementor-widget elementor-widget-heading\" data-id=\"7bff451\" data-element_type=\"widget\" data-e-type=\"widget\" data-widget_type=\"heading.default\">\n\t\t\t\t<div class=\"elementor-widget-container\">\n\t\t\t\t\t<h2 class=\"elementor-heading-title elementor-size-default\">PERSONUPPGIFTSKYDD<\/h2>\t\t\t\t<\/div>\n\t\t\t\t<\/div>\n\t\t\t\t<div class=\"elementor-element elementor-element-28fa2d6 elementor-widget elementor-widget-heading\" data-id=\"28fa2d6\" data-element_type=\"widget\" data-e-type=\"widget\" data-widget_type=\"heading.default\">\n\t\t\t\t<div class=\"elementor-widget-container\">\n\t\t\t\t\t<h3 class=\"elementor-heading-title elementor-size-default\">LOGGAR<\/h3>\t\t\t\t<\/div>\n\t\t\t\t<\/div>\n\t\t\t\t<div class=\"vamtam-has-theme-widget-styles elementor-element elementor-element-e10cf8e elementor-widget elementor-widget-text-editor\" data-id=\"e10cf8e\" data-element_type=\"widget\" data-e-type=\"widget\" data-widget_type=\"text-editor.default\">\n\t\t\t\t<div class=\"elementor-widget-container\">\n\t\t\t\t\t\t\t\t\t<p>Att anv\u00e4nda en webbplats inneb\u00e4r att skicka f\u00f6rfr\u00e5gningar till servern som v\u00e4rd f\u00f6r webbplatsen. Varje f\u00f6rfr\u00e5gan till servern sparas i loggar, vilka bland annat inkluderar IP-adress, serverdatum och tid, samt information om webbl\u00e4sare och operativsystem som du anv\u00e4nder. De data som lagras i serverloggarna \u00e4r inte kopplade till en specifik person och \u00e4r endast hj\u00e4lp material som anv\u00e4nds f\u00f6r administration, och deras inneh\u00e5ll avsl\u00f6jas inte f\u00f6r n\u00e5gon annan \u00e4n de som \u00e4r beh\u00f6riga att administrera servern p\u00e5 az.pl.<\/p>\t\t\t\t\t\t\t\t<\/div>\n\t\t\t\t<\/div>\n\t\t\t\t<div class=\"elementor-element elementor-element-c1b1131 elementor-widget elementor-widget-heading\" data-id=\"c1b1131\" data-element_type=\"widget\" data-e-type=\"widget\" data-widget_type=\"heading.default\">\n\t\t\t\t<div class=\"elementor-widget-container\">\n\t\t\t\t\t<h3 class=\"elementor-heading-title elementor-size-default\">KONTAKTFORMUL\u00c4R<\/h3>\t\t\t\t<\/div>\n\t\t\t\t<\/div>\n\t\t\t\t<div class=\"vamtam-has-theme-widget-styles elementor-element elementor-element-0925075 elementor-widget elementor-widget-text-editor\" data-id=\"0925075\" data-element_type=\"widget\" data-e-type=\"widget\" data-widget_type=\"text-editor.default\">\n\t\t\t\t<div class=\"elementor-widget-container\">\n\t\t\t\t\t\t\t\t\t<p>Om du skickar ett meddelande till oss via kontaktformul\u00e4ret kommer de angivna uppgifterna att anv\u00e4ndas i marknadsf\u00f6ringssyfte. Dessa uppgifter lagras i v\u00e5r e-postl\u00e5da p\u00e5 az.pl i syfte att hantera e-posten och skicka ett e-postsvar p\u00e5 ditt meddelande. Tredje part kommer inte att ha tillg\u00e5ng till dem.<\/p><p>Att l\u00e4mna personuppgifter f\u00f6r marknadsf\u00f6rings- och kommersiella \u00e4ndam\u00e5l \u00e4r frivilligt. Du kan n\u00e4r som helst f\u00e5 tillg\u00e5ng till dina personuppgifter, korrigera dem och beg\u00e4ra att de tas bort. Kontakta oss f\u00f6r detta.<\/p><p>Personuppgiftsansvarig \u00e4r Carnex Sp. z o.o. s.k.a. ul. Szkolna 18, 74-300 My\u015blib\u00f3rz, Polen<\/p><p>Administrat\u00f6ren informerar anv\u00e4ndaren om att han anf\u00f6rtro datahanteringen till f\u00f6ljande enheter: AZ.pl Sp. z o.o., ul. Zbo\u017cowa 4, 70-653 Szczecin, NIP: 8561164306, REGON: 810903927, KRS: 0000360147 i syfte att lagra personuppgifter p\u00e5 servern.<\/p>\t\t\t\t\t\t\t\t<\/div>\n\t\t\t\t<\/div>\n\t\t\t\t\t<\/div>\n\t\t\t\t<\/div>\n\t\t\t\t<\/div>","protected":false},"excerpt":{"rendered":"<p>COOKIES POLICY Carnex cookies do not store confidential information such as your name or address. You must use your internet browser to restrict, block or delete cookies from this website. As each browser is different, you can see how to change your cookie preferences in the browser&#8217;s &#8220;Help&#8221; menu. Google Analytics &#8211; These cookies enable&#8230;<\/p>","protected":false},"author":1,"featured_media":0,"parent":0,"menu_order":0,"comment_status":"closed","ping_status":"closed","template":"elementor_header_footer","meta":{"inline_featured_image":false,"footnotes":""},"class_list":["post-1092","page","type-page","status-publish","hentry"],"yoast_head":"<!-- This site is optimized with the Yoast SEO plugin v27.4 - https:\/\/yoast.com\/product\/yoast-seo-wordpress\/ -->\n<title>Privacy Policy - Carnex<\/title>\n<meta name=\"robots\" content=\"index, follow, max-snippet:-1, max-image-preview:large, max-video-preview:-1\" \/>\n<link rel=\"canonical\" href=\"https:\/\/carnex-poultry.com\/sv\/integritetspolicy\/\" \/>\n<meta property=\"og:locale\" content=\"sv_SE\" \/>\n<meta property=\"og:type\" content=\"article\" \/>\n<meta property=\"og:title\" content=\"Privacy Policy - Carnex\" \/>\n<meta property=\"og:description\" content=\"COOKIES POLICY Carnex cookies do not store confidential information such as your name or address. You must use your internet browser to restrict, block or delete cookies from this website. As each browser is different, you can see how to change your cookie preferences in the browser&#8217;s &#8220;Help&#8221; menu. Google Analytics &#8211; These cookies enable...\" \/>\n<meta property=\"og:url\" content=\"https:\/\/carnex-poultry.com\/sv\/integritetspolicy\/\" \/>\n<meta property=\"og:site_name\" content=\"Carnex\" \/>\n<meta property=\"article:modified_time\" content=\"2026-04-03T08:35:55+00:00\" \/>\n<meta name=\"twitter:card\" content=\"summary_large_image\" \/>\n<meta name=\"twitter:label1\" content=\"Ber\u00e4knad l\u00e4stid\" \/>\n\t<meta name=\"twitter:data1\" content=\"2 minuter\" \/>\n<script type=\"application\/ld+json\" class=\"yoast-schema-graph\">{\"@context\":\"https:\\\/\\\/schema.org\",\"@graph\":[{\"@type\":\"WebPage\",\"@id\":\"https:\\\/\\\/carnex-poultry.com\\\/privacy-policy\\\/\",\"url\":\"https:\\\/\\\/carnex-poultry.com\\\/privacy-policy\\\/\",\"name\":\"Privacy Policy - Carnex\",\"isPartOf\":{\"@id\":\"https:\\\/\\\/carnex-poultry.com\\\/#website\"},\"datePublished\":\"2025-02-19T13:37:15+00:00\",\"dateModified\":\"2026-04-03T08:35:55+00:00\",\"breadcrumb\":{\"@id\":\"https:\\\/\\\/carnex-poultry.com\\\/privacy-policy\\\/#breadcrumb\"},\"inLanguage\":\"sv-SE\",\"potentialAction\":[{\"@type\":\"ReadAction\",\"target\":[\"https:\\\/\\\/carnex-poultry.com\\\/privacy-policy\\\/\"]}]},{\"@type\":\"BreadcrumbList\",\"@id\":\"https:\\\/\\\/carnex-poultry.com\\\/privacy-policy\\\/#breadcrumb\",\"itemListElement\":[{\"@type\":\"ListItem\",\"position\":1,\"name\":\"Home\",\"item\":\"https:\\\/\\\/carnex-poultry.com\\\/\"},{\"@type\":\"ListItem\",\"position\":2,\"name\":\"Privacy Policy\"}]},{\"@type\":\"WebSite\",\"@id\":\"https:\\\/\\\/carnex-poultry.com\\\/#website\",\"url\":\"https:\\\/\\\/carnex-poultry.com\\\/\",\"name\":\"Carnex\",\"description\":\"Poultry Trade\",\"publisher\":{\"@id\":\"https:\\\/\\\/carnex-poultry.com\\\/#organization\"},\"potentialAction\":[{\"@type\":\"SearchAction\",\"target\":{\"@type\":\"EntryPoint\",\"urlTemplate\":\"https:\\\/\\\/carnex-poultry.com\\\/?s={search_term_string}\"},\"query-input\":{\"@type\":\"PropertyValueSpecification\",\"valueRequired\":true,\"valueName\":\"search_term_string\"}}],\"inLanguage\":\"sv-SE\"},{\"@type\":\"Organization\",\"@id\":\"https:\\\/\\\/carnex-poultry.com\\\/#organization\",\"name\":\"Carnex\",\"url\":\"https:\\\/\\\/carnex-poultry.com\\\/\",\"logo\":{\"@type\":\"ImageObject\",\"inLanguage\":\"sv-SE\",\"@id\":\"https:\\\/\\\/carnex-poultry.com\\\/#\\\/schema\\\/logo\\\/image\\\/\",\"url\":\"https:\\\/\\\/carnex-poultry.com\\\/wp-content\\\/uploads\\\/2026\\\/04\\\/Carnex-logo-horizontal-2026.svg\",\"contentUrl\":\"https:\\\/\\\/carnex-poultry.com\\\/wp-content\\\/uploads\\\/2026\\\/04\\\/Carnex-logo-horizontal-2026.svg\",\"width\":210,\"height\":297,\"caption\":\"Carnex\"},\"image\":{\"@id\":\"https:\\\/\\\/carnex-poultry.com\\\/#\\\/schema\\\/logo\\\/image\\\/\"}}]}<\/script>\n<!-- \/ Yoast SEO plugin. -->","yoast_head_json":{"title":"Integritetspolicy - Carnex","robots":{"index":"index","follow":"follow","max-snippet":"max-snippet:-1","max-image-preview":"max-image-preview:large","max-video-preview":"max-video-preview:-1"},"canonical":"https:\/\/carnex-poultry.com\/sv\/integritetspolicy\/","og_locale":"sv_SE","og_type":"article","og_title":"Privacy Policy - Carnex","og_description":"COOKIES POLICY Carnex cookies do not store confidential information such as your name or address. You must use your internet browser to restrict, block or delete cookies from this website. As each browser is different, you can see how to change your cookie preferences in the browser&#8217;s &#8220;Help&#8221; menu. Google Analytics &#8211; These cookies enable...","og_url":"https:\/\/carnex-poultry.com\/sv\/integritetspolicy\/","og_site_name":"Carnex","article_modified_time":"2026-04-03T08:35:55+00:00","twitter_card":"summary_large_image","twitter_misc":{"Ber\u00e4knad l\u00e4stid":"2 minuter"},"schema":{"@context":"https:\/\/schema.org","@graph":[{"@type":"WebPage","@id":"https:\/\/carnex-poultry.com\/privacy-policy\/","url":"https:\/\/carnex-poultry.com\/privacy-policy\/","name":"Integritetspolicy - Carnex","isPartOf":{"@id":"https:\/\/carnex-poultry.com\/#website"},"datePublished":"2025-02-19T13:37:15+00:00","dateModified":"2026-04-03T08:35:55+00:00","breadcrumb":{"@id":"https:\/\/carnex-poultry.com\/privacy-policy\/#breadcrumb"},"inLanguage":"sv-SE","potentialAction":[{"@type":"ReadAction","target":["https:\/\/carnex-poultry.com\/privacy-policy\/"]}]},{"@type":"BreadcrumbList","@id":"https:\/\/carnex-poultry.com\/privacy-policy\/#breadcrumb","itemListElement":[{"@type":"ListItem","position":1,"name":"Home","item":"https:\/\/carnex-poultry.com\/"},{"@type":"ListItem","position":2,"name":"Privacy Policy"}]},{"@type":"WebSite","@id":"https:\/\/carnex-poultry.com\/#website","url":"https:\/\/carnex-poultry.com\/","name":"Carnex","description":"Fj\u00e4derf\u00e4handel","publisher":{"@id":"https:\/\/carnex-poultry.com\/#organization"},"potentialAction":[{"@type":"SearchAction","target":{"@type":"EntryPoint","urlTemplate":"https:\/\/carnex-poultry.com\/?s={search_term_string}"},"query-input":{"@type":"PropertyValueSpecification","valueRequired":true,"valueName":"search_term_string"}}],"inLanguage":"sv-SE"},{"@type":"Organization","@id":"https:\/\/carnex-poultry.com\/#organization","name":"Carnex","url":"https:\/\/carnex-poultry.com\/","logo":{"@type":"ImageObject","inLanguage":"sv-SE","@id":"https:\/\/carnex-poultry.com\/#\/schema\/logo\/image\/","url":"https:\/\/carnex-poultry.com\/wp-content\/uploads\/2026\/04\/Carnex-logo-horizontal-2026.svg","contentUrl":"https:\/\/carnex-poultry.com\/wp-content\/uploads\/2026\/04\/Carnex-logo-horizontal-2026.svg","width":210,"height":297,"caption":"Carnex"},"image":{"@id":"https:\/\/carnex-poultry.com\/#\/schema\/logo\/image\/"}}]}},"_links":{"self":[{"href":"https:\/\/carnex-poultry.com\/sv\/wp-json\/wp\/v2\/pages\/1092","targetHints":{"allow":["GET"]}}],"collection":[{"href":"https:\/\/carnex-poultry.com\/sv\/wp-json\/wp\/v2\/pages"}],"about":[{"href":"https:\/\/carnex-poultry.com\/sv\/wp-json\/wp\/v2\/types\/page"}],"author":[{"embeddable":true,"href":"https:\/\/carnex-poultry.com\/sv\/wp-json\/wp\/v2\/users\/1"}],"replies":[{"embeddable":true,"href":"https:\/\/carnex-poultry.com\/sv\/wp-json\/wp\/v2\/comments?post=1092"}],"version-history":[{"count":10,"href":"https:\/\/carnex-poultry.com\/sv\/wp-json\/wp\/v2\/pages\/1092\/revisions"}],"predecessor-version":[{"id":988053,"href":"https:\/\/carnex-poultry.com\/sv\/wp-json\/wp\/v2\/pages\/1092\/revisions\/988053"}],"wp:attachment":[{"href":"https:\/\/carnex-poultry.com\/sv\/wp-json\/wp\/v2\/media?parent=1092"}],"curies":[{"name":"wp","href":"https:\/\/api.w.org\/{rel}","templated":true}]}}